{"id":18,"date":"2025-12-01T18:51:18","date_gmt":"2025-12-01T18:51:18","guid":{"rendered":"https:\/\/www.airdvy.com\/?page_id=18"},"modified":"2025-12-01T22:40:37","modified_gmt":"2025-12-01T22:40:37","slug":"cgu","status":"publish","type":"page","link":"https:\/\/www.airdvy.com\/index.php\/cgu\/","title":{"rendered":"CGU"},"content":{"rendered":"\t\t<div data-elementor-type=\"wp-page\" data-elementor-id=\"18\" class=\"elementor elementor-18\">\n\t\t\t\t<div class=\"elementor-element elementor-element-d90154c e-flex e-con-boxed e-con e-parent\" data-id=\"d90154c\" data-element_type=\"container\" data-e-type=\"container\">\n\t\t\t\t\t<div class=\"e-con-inner\">\n\t\t\t\t<div class=\"elementor-element elementor-element-968aeda elementor-widget elementor-widget-text-editor\" data-id=\"968aeda\" data-element_type=\"widget\" data-e-type=\"widget\" data-widget_type=\"text-editor.default\">\n\t\t\t\t\t\t\t\t\t<h1 style=\"font-style: normal; caret-color: #000000; color: #000000;\" data-start=\"222\" data-end=\"286\"><strong data-start=\"227\" data-end=\"284\">CGU \u2013 CONDITIONS G\u00c9N\u00c9RALES D\u2019UTILISATION \u2014 AIRDVY<\/strong><\/h1><p style=\"font-style: normal; caret-color: #000000; color: #000000;\" data-start=\"287\" data-end=\"320\">Derni\u00e8re mise \u00e0 jour : 01\/12\/2025<\/p><p style=\"font-style: normal; caret-color: #000000; color: #000000;\" data-start=\"322\" data-end=\"484\">Les pr\u00e9sentes Conditions G\u00e9n\u00e9rales d\u2019Utilisation (ci-apr\u00e8s \u00ab CGU \u00bb) r\u00e9gissent l\u2019utilisation de l\u2019application mobile AIRDVY et du site\u00a0<a class=\"decorated-link\" href=\"http:\/\/www.airdvy.com\/\" target=\"_new\" rel=\"noopener\" data-start=\"456\" data-end=\"470\">www.airdvy.com<\/a>, \u00e9dit\u00e9s par :<\/p><p style=\"font-style: normal; caret-color: #000000; color: #000000;\" data-start=\"486\" data-end=\"677\"><strong data-start=\"486\" data-end=\"502\">Olivia Sayad<\/strong><br data-start=\"502\" data-end=\"505\" \/>Micro-entrepreneuse<br data-start=\"524\" data-end=\"527\" \/>12 rue Pau Casals, 92100 Boulogne-Billancourt<br data-start=\"572\" data-end=\"575\" \/>SIRET : 944 641 737 00019<br data-start=\"600\" data-end=\"603\" \/>Email :\u00a0<a class=\"decorated-link cursor-pointer\" rel=\"noopener\" data-start=\"611\" data-end=\"629\">contact@airdvy.com<\/a><br data-start=\"629\" data-end=\"632\" \/>Directrice de la publication : Olivia Sayad<\/p><hr style=\"font-style: normal;\" data-start=\"679\" data-end=\"682\" \/><h2 style=\"font-style: normal; caret-color: #000000; color: #000000;\" data-start=\"684\" data-end=\"699\"><strong data-start=\"687\" data-end=\"699\">1. Objet<\/strong><\/h2><p style=\"font-style: normal; caret-color: #000000; color: #000000;\" data-start=\"700\" data-end=\"806\">Les pr\u00e9sentes CGU d\u00e9finissent les modalit\u00e9s d\u2019acc\u00e8s et d\u2019utilisation de la plateforme AIRDVY, permettant :<\/p><ul style=\"font-style: normal; caret-color: #000000; color: #000000;\" data-start=\"808\" data-end=\"1119\"><li data-start=\"808\" data-end=\"925\"><p data-start=\"810\" data-end=\"925\">aux utilisateurs de d\u00e9couvrir des prestataires beaut\u00e9, leurs r\u00e9alisations, leurs disponibilit\u00e9s et leurs offres ;<\/p><\/li><li data-start=\"926\" data-end=\"998\"><p data-start=\"928\" data-end=\"998\">de r\u00e9server des prestations directement aupr\u00e8s de ces prestataires ;<\/p><\/li><li data-start=\"999\" data-end=\"1119\"><p data-start=\"1001\" data-end=\"1119\">aux prestataires d\u2019\u00eatre r\u00e9f\u00e9renc\u00e9s et d\u2019utiliser l\u2019application comme outil de visibilit\u00e9 et de gestion de rendez-vous.<\/p><\/li><\/ul><hr style=\"font-style: normal;\" data-start=\"1121\" data-end=\"1124\" \/><h2 style=\"font-style: normal; caret-color: #000000; color: #000000;\" data-start=\"1126\" data-end=\"1155\"><strong data-start=\"1129\" data-end=\"1155\">2. Acceptation des CGU<\/strong><\/h2><p style=\"font-style: normal; caret-color: #000000; color: #000000;\" data-start=\"1156\" data-end=\"1297\">En installant l\u2019application ou en naviguant sur le site, l\u2019utilisateur reconna\u00eet avoir lu, compris et accept\u00e9 les pr\u00e9sentes CGU sans r\u00e9serve.<\/p><hr style=\"font-style: normal;\" data-start=\"1299\" data-end=\"1302\" \/><h2 style=\"font-style: normal; caret-color: #000000; color: #000000;\" data-start=\"1304\" data-end=\"1347\"><strong data-start=\"1307\" data-end=\"1347\">3. Inscription et compte utilisateur<\/strong><\/h2><p style=\"font-style: normal; caret-color: #000000; color: #000000;\" data-start=\"1348\" data-end=\"1498\">Pour utiliser l\u2019application, la cr\u00e9ation d\u2019un compte est n\u00e9cessaire.<br data-start=\"1416\" data-end=\"1419\" \/>L\u2019utilisateur s\u2019engage \u00e0 fournir des informations exactes, \u00e0 jour et compl\u00e8tes.<\/p><p style=\"font-style: normal; caret-color: #000000; color: #000000;\" data-start=\"1500\" data-end=\"1571\">AIRDVY se r\u00e9serve le droit de suspendre ou supprimer un compte en cas :<\/p><ul style=\"font-style: normal; caret-color: #000000; color: #000000;\" data-start=\"1573\" data-end=\"1708\"><li data-start=\"1573\" data-end=\"1617\"><p data-start=\"1575\" data-end=\"1617\">d\u2019informations fausses ou frauduleuses ;<\/p><\/li><li data-start=\"1618\" data-end=\"1645\"><p data-start=\"1620\" data-end=\"1645\">d\u2019utilisation abusive ;<\/p><\/li><li data-start=\"1646\" data-end=\"1708\"><p data-start=\"1648\" data-end=\"1708\">d\u2019atteinte aux droits d\u2019autres utilisateurs ou prestataires.<\/p><\/li><\/ul><hr style=\"font-style: normal;\" data-start=\"1710\" data-end=\"1713\" \/><h2 style=\"font-style: normal; caret-color: #000000; color: #000000;\" data-start=\"1715\" data-end=\"1756\"><strong data-start=\"1718\" data-end=\"1756\">4. Fonctionnement de la plateforme<\/strong><\/h2><p style=\"font-style: normal; caret-color: #000000; color: #000000;\" data-start=\"1757\" data-end=\"1857\">AIRDVY met en relation des utilisateurs avec des prestataires ind\u00e9pendants.<br data-start=\"1832\" data-end=\"1835\" \/>L\u2019application permet :<\/p><ul style=\"font-style: normal; caret-color: #000000; color: #000000;\" data-start=\"1859\" data-end=\"2073\"><li data-start=\"1859\" data-end=\"1905\"><p data-start=\"1861\" data-end=\"1905\">la consultation des profils prestataires ;<\/p><\/li><li data-start=\"1906\" data-end=\"1968\"><p data-start=\"1908\" data-end=\"1968\">l\u2019acc\u00e8s aux photos, descriptions, tarifs, disponibilit\u00e9s ;<\/p><\/li><li data-start=\"1969\" data-end=\"1998\"><p data-start=\"1971\" data-end=\"1998\">la prise de rendez-vous ;<\/p><\/li><li data-start=\"1999\" data-end=\"2048\"><p data-start=\"2001\" data-end=\"2048\">la gestion et l\u2019historique des r\u00e9servations ;<\/p><\/li><li data-start=\"2049\" data-end=\"2073\"><p data-start=\"2051\" data-end=\"2073\">la publication d\u2019avis.<\/p><\/li><\/ul><p style=\"font-style: normal; caret-color: #000000; color: #000000;\" data-start=\"2075\" data-end=\"2159\">AIRDVY\u00a0<strong data-start=\"2082\" data-end=\"2115\">n\u2019est pas partie aux contrats<\/strong>\u00a0conclus entre utilisateurs et prestataires.<\/p><hr style=\"font-style: normal;\" data-start=\"2161\" data-end=\"2164\" \/><h2 style=\"font-style: normal; caret-color: #000000; color: #000000;\" data-start=\"2166\" data-end=\"2199\"><strong data-start=\"2169\" data-end=\"2199\">5. Responsabilit\u00e9 d\u2019AIRDVY<\/strong><\/h2><p style=\"font-style: normal; caret-color: #000000; color: #000000;\" data-start=\"2200\" data-end=\"2230\">AIRDVY n\u2019est pas responsable :<\/p><ul style=\"font-style: normal; caret-color: #000000; color: #000000;\" data-start=\"2232\" data-end=\"2448\"><li data-start=\"2232\" data-end=\"2284\"><p data-start=\"2234\" data-end=\"2284\">des prestations r\u00e9alis\u00e9es par les prestataires ;<\/p><\/li><li data-start=\"2285\" data-end=\"2326\"><p data-start=\"2287\" data-end=\"2326\">des retards, annulations ou litiges ;<\/p><\/li><li data-start=\"2327\" data-end=\"2379\"><p data-start=\"2329\" data-end=\"2379\">des informations publi\u00e9es par les prestataires ;<\/p><\/li><li data-start=\"2380\" data-end=\"2448\"><p data-start=\"2382\" data-end=\"2448\">des coupures, bugs, interruptions ou indisponibilit\u00e9s temporaires.<\/p><\/li><\/ul><p style=\"font-style: normal; caret-color: #000000; color: #000000;\" data-start=\"2450\" data-end=\"2565\">L\u2019\u00e9ditrice met tout en \u0153uvre pour garantir un service fiable mais ne saurait garantir une disponibilit\u00e9 permanente.<\/p><hr style=\"font-style: normal;\" data-start=\"2567\" data-end=\"2570\" \/><h2 style=\"font-style: normal; caret-color: #000000; color: #000000;\" data-start=\"2572\" data-end=\"2611\"><strong data-start=\"2575\" data-end=\"2611\">6. Avis et contenus utilisateurs<\/strong><\/h2><p style=\"font-style: normal; caret-color: #000000; color: #000000;\" data-start=\"2612\" data-end=\"2728\">Les utilisateurs peuvent publier un avis uniquement apr\u00e8s un rendez-vous confirm\u00e9.<br data-start=\"2694\" data-end=\"2697\" \/>AIRDVY se r\u00e9serve le droit de :<\/p><ul style=\"font-style: normal; caret-color: #000000; color: #000000;\" data-start=\"2730\" data-end=\"2767\"><li data-start=\"2730\" data-end=\"2741\"><p data-start=\"2732\" data-end=\"2741\">refuser<\/p><\/li><li data-start=\"2742\" data-end=\"2755\"><p data-start=\"2744\" data-end=\"2755\">supprimer<\/p><\/li><li data-start=\"2756\" data-end=\"2767\"><p data-start=\"2758\" data-end=\"2767\">mod\u00e9rer<\/p><\/li><\/ul><p style=\"font-style: normal; caret-color: #000000; color: #000000;\" data-start=\"2769\" data-end=\"2858\">tout avis contraire \u00e0 la loi, diffamatoire, injurieux ou non li\u00e9 \u00e0 une prestation r\u00e9elle.<\/p><hr style=\"font-style: normal;\" data-start=\"2860\" data-end=\"2863\" \/><h2 style=\"font-style: normal; caret-color: #000000; color: #000000;\" data-start=\"2865\" data-end=\"2895\"><strong data-start=\"2868\" data-end=\"2895\">7. Donn\u00e9es personnelles<\/strong><\/h2><p style=\"font-style: normal; caret-color: #000000; color: #000000;\" data-start=\"2896\" data-end=\"3074\">La gestion des donn\u00e9es personnelles est pr\u00e9cis\u00e9e dans la\u00a0<strong data-start=\"2953\" data-end=\"2985\">Politique de confidentialit\u00e9<\/strong>.<br data-start=\"2986\" data-end=\"2989\" \/>L\u2019utilisateur peut acc\u00e9der, corriger ou supprimer ses donn\u00e9es via\u00a0<a class=\"decorated-link cursor-pointer\" rel=\"noopener\" data-start=\"3055\" data-end=\"3073\">contact@airdvy.com<\/a>.<\/p><hr style=\"font-style: normal;\" data-start=\"3076\" data-end=\"3079\" \/><h2 style=\"font-style: normal; caret-color: #000000; color: #000000;\" data-start=\"3081\" data-end=\"3099\"><strong data-start=\"3084\" data-end=\"3099\">8. S\u00e9curit\u00e9<\/strong><\/h2><p style=\"font-style: normal; caret-color: #000000; color: #000000;\" data-start=\"3100\" data-end=\"3271\">L\u2019utilisateur doit maintenir la confidentialit\u00e9 de ses identifiants.<br data-start=\"3168\" data-end=\"3171\" \/>AIRDVY ne peut \u00eatre tenue responsable en cas d\u2019acc\u00e8s frauduleux d\u00fb \u00e0 la n\u00e9gligence de l\u2019utilisateur.<\/p><hr style=\"font-style: normal;\" data-start=\"3273\" data-end=\"3276\" \/><h2 style=\"font-style: normal; caret-color: #000000; color: #000000;\" data-start=\"3278\" data-end=\"3312\"><strong data-start=\"3281\" data-end=\"3312\">9. Propri\u00e9t\u00e9 intellectuelle<\/strong><\/h2><p style=\"font-style: normal; caret-color: #000000; color: #000000;\" data-start=\"3313\" data-end=\"3462\">L\u2019ensemble du contenu de l\u2019application (logos, visuels, textes, interface\u2026) est prot\u00e9g\u00e9.<br data-start=\"3401\" data-end=\"3404\" \/>Toute reproduction est interdite sans autorisation \u00e9crite.<\/p><hr style=\"font-style: normal;\" data-start=\"3464\" data-end=\"3467\" \/><h2 style=\"font-style: normal; caret-color: #000000; color: #000000;\" data-start=\"3469\" data-end=\"3491\"><strong data-start=\"3472\" data-end=\"3491\">10. R\u00e9siliation<\/strong><\/h2><p style=\"font-style: normal; caret-color: #000000; color: #000000;\" data-start=\"3492\" data-end=\"3579\">L\u2019utilisateur peut supprimer son compte \u00e0 tout moment dans les param\u00e8tres ou par email.<\/p><p style=\"font-style: normal; caret-color: #000000; color: #000000;\" data-start=\"3581\" data-end=\"3624\">AIRDVY peut suspendre un compte en cas de :<\/p><ul style=\"font-style: normal; caret-color: #000000; color: #000000;\" data-start=\"3626\" data-end=\"3689\"><li data-start=\"3626\" data-end=\"3649\"><p data-start=\"3628\" data-end=\"3649\">non-respect des CGU<\/p><\/li><li data-start=\"3650\" data-end=\"3660\"><p data-start=\"3652\" data-end=\"3660\">fraude<\/p><\/li><li data-start=\"3661\" data-end=\"3689\"><p data-start=\"3663\" data-end=\"3689\">comportement inappropri\u00e9<\/p><\/li><\/ul><hr style=\"font-style: normal;\" data-start=\"3691\" data-end=\"3694\" \/><h2 style=\"font-style: normal; caret-color: #000000; color: #000000;\" data-start=\"3696\" data-end=\"3727\"><strong data-start=\"3699\" data-end=\"3727\">11. Modification des CGU<\/strong><\/h2><p style=\"font-style: normal; caret-color: #000000; color: #000000;\" data-start=\"3728\" data-end=\"3872\">Les CGU peuvent \u00eatre modifi\u00e9es \u00e0 tout moment.<br data-start=\"3773\" data-end=\"3776\" \/>La version la plus r\u00e9cente pr\u00e9vaut.<br data-start=\"3811\" data-end=\"3814\" \/>L\u2019utilisateur est encourag\u00e9 \u00e0 les consulter r\u00e9guli\u00e8rement.<\/p><hr style=\"font-style: normal;\" data-start=\"3874\" data-end=\"3877\" \/><h2 style=\"font-style: normal; caret-color: #000000; color: #000000;\" data-start=\"3879\" data-end=\"3906\"><strong data-start=\"3882\" data-end=\"3906\">12. Droit applicable<\/strong><\/h2><p style=\"font-style: normal; caret-color: #000000; color: #000000;\" data-start=\"3907\" data-end=\"4037\">Les pr\u00e9sentes CGU sont r\u00e9gies par le droit fran\u00e7ais.<br data-start=\"3959\" data-end=\"3962\" \/>En cas de litige, les tribunaux comp\u00e9tents seront ceux du ressort de Paris.<\/p>\t\t\t\t\t\t\t\t<\/div>\n\t\t\t\t\t<\/div>\n\t\t\t\t<\/div>\n\t\t\t\t<\/div>\n\t\t","protected":false},"excerpt":{"rendered":"<p>CGU \u2013 CONDITIONS G\u00c9N\u00c9RALES D\u2019UTILISATION \u2014 AIRDVY Derni\u00e8re mise \u00e0 jour : 01\/12\/2025 Les pr\u00e9sentes Conditions G\u00e9n\u00e9rales d\u2019Utilisation (ci-apr\u00e8s \u00ab [&hellip;]<\/p>\n","protected":false},"author":1,"featured_media":0,"parent":0,"menu_order":0,"comment_status":"closed","ping_status":"closed","template":"","meta":{"site-sidebar-layout":"no-sidebar","site-content-layout":"","ast-site-content-layout":"full-width-container","site-content-style":"default","site-sidebar-style":"default","ast-global-header-display":"","ast-banner-title-visibility":"","ast-main-header-display":"","ast-hfb-above-header-display":"","ast-hfb-below-header-display":"","ast-hfb-mobile-header-display":"","site-post-title":"disabled","ast-breadcrumbs-content":"","ast-featured-img":"disabled","footer-sml-layout":"","theme-transparent-header-meta":"","adv-header-id-meta":"","stick-header-meta":"","header-above-stick-meta":"","header-main-stick-meta":"","header-below-stick-meta":"","astra-migrate-meta-layouts":"default","ast-page-background-enabled":"default","ast-page-background-meta":{"desktop":{"background-color":"var(--ast-global-color-5)","background-image":"","background-repeat":"repeat","background-position":"center center","background-size":"auto","background-attachment":"scroll","background-type":"","background-media":"","overlay-type":"","overlay-color":"","overlay-opacity":"","overlay-gradient":""},"tablet":{"background-color":"","background-image":"","background-repeat":"repeat","background-position":"center center","background-size":"auto","background-attachment":"scroll","background-type":"","background-media":"","overlay-type":"","overlay-color":"","overlay-opacity":"","overlay-gradient":""},"mobile":{"background-color":"","background-image":"","background-repeat":"repeat","background-position":"center center","background-size":"auto","background-attachment":"scroll","background-type":"","background-media":"","overlay-type":"","overlay-color":"","overlay-opacity":"","overlay-gradient":""}},"ast-content-background-meta":{"desktop":{"background-color":"var(--ast-global-color-4)","background-image":"","background-repeat":"repeat","background-position":"center center","background-size":"auto","background-attachment":"scroll","background-type":"","background-media":"","overlay-type":"","overlay-color":"","overlay-opacity":"","overlay-gradient":""},"tablet":{"background-color":"var(--ast-global-color-4)","background-image":"","background-repeat":"repeat","background-position":"center center","background-size":"auto","background-attachment":"scroll","background-type":"","background-media":"","overlay-type":"","overlay-color":"","overlay-opacity":"","overlay-gradient":""},"mobile":{"background-color":"var(--ast-global-color-4)","background-image":"","background-repeat":"repeat","background-position":"center center","background-size":"auto","background-attachment":"scroll","background-type":"","background-media":"","overlay-type":"","overlay-color":"","overlay-opacity":"","overlay-gradient":""}},"footnotes":""},"class_list":["post-18","page","type-page","status-publish","hentry"],"_links":{"self":[{"href":"https:\/\/www.airdvy.com\/index.php\/wp-json\/wp\/v2\/pages\/18","targetHints":{"allow":["GET"]}}],"collection":[{"href":"https:\/\/www.airdvy.com\/index.php\/wp-json\/wp\/v2\/pages"}],"about":[{"href":"https:\/\/www.airdvy.com\/index.php\/wp-json\/wp\/v2\/types\/page"}],"author":[{"embeddable":true,"href":"https:\/\/www.airdvy.com\/index.php\/wp-json\/wp\/v2\/users\/1"}],"replies":[{"embeddable":true,"href":"https:\/\/www.airdvy.com\/index.php\/wp-json\/wp\/v2\/comments?post=18"}],"version-history":[{"count":13,"href":"https:\/\/www.airdvy.com\/index.php\/wp-json\/wp\/v2\/pages\/18\/revisions"}],"predecessor-version":[{"id":120,"href":"https:\/\/www.airdvy.com\/index.php\/wp-json\/wp\/v2\/pages\/18\/revisions\/120"}],"wp:attachment":[{"href":"https:\/\/www.airdvy.com\/index.php\/wp-json\/wp\/v2\/media?parent=18"}],"curies":[{"name":"wp","href":"https:\/\/api.w.org\/{rel}","templated":true}]}}