{"id":20,"date":"2025-12-01T18:51:27","date_gmt":"2025-12-01T18:51:27","guid":{"rendered":"https:\/\/www.airdvy.com\/?page_id=20"},"modified":"2025-12-01T22:42:28","modified_gmt":"2025-12-01T22:42:28","slug":"cgv","status":"publish","type":"page","link":"https:\/\/www.airdvy.com\/index.php\/cgv\/","title":{"rendered":"CGV"},"content":{"rendered":"\t\t<div data-elementor-type=\"wp-page\" data-elementor-id=\"20\" class=\"elementor elementor-20\">\n\t\t\t\t<div class=\"elementor-element elementor-element-c9d7bab e-flex e-con-boxed e-con e-parent\" data-id=\"c9d7bab\" data-element_type=\"container\" data-e-type=\"container\">\n\t\t\t\t\t<div class=\"e-con-inner\">\n\t\t\t\t<div class=\"elementor-element elementor-element-71bdc71 elementor-widget elementor-widget-text-editor\" data-id=\"71bdc71\" data-element_type=\"widget\" data-e-type=\"widget\" data-widget_type=\"text-editor.default\">\n\t\t\t\t\t\t\t\t\t<h1 data-start=\"4044\" data-end=\"4118\" style=\"font-style: normal; caret-color: rgb(0, 0, 0); color: rgb(0, 0, 0);\"><strong data-start=\"4049\" data-end=\"4116\">CGV \u2013 CONDITIONS G\u00c9N\u00c9RALES DE VENTE<\/strong><\/h1>\n<p data-start=\"4119\" data-end=\"4152\" style=\"font-style: normal; caret-color: rgb(0, 0, 0); color: rgb(0, 0, 0);\">Derni\u00e8re mise \u00e0 jour : 01\/12\/2025<\/p>\n<p data-start=\"4154\" data-end=\"4299\" style=\"font-style: normal; caret-color: rgb(0, 0, 0); color: rgb(0, 0, 0);\">Les pr\u00e9sentes CGV s\u2019appliquent aux prestations propos\u00e9es par AIRDVY aux prestataires professionnels (salons, ind\u00e9pendants, techniciennes beaut\u00e9).<\/p>\n<hr data-start=\"4301\" data-end=\"4304\" style=\"font-style: normal;\">\n<h2 data-start=\"4306\" data-end=\"4321\" style=\"font-style: normal; caret-color: rgb(0, 0, 0); color: rgb(0, 0, 0);\"><strong data-start=\"4309\" data-end=\"4321\">1. Objet<\/strong><\/h2>\n<p data-start=\"4322\" data-end=\"4411\" style=\"font-style: normal; caret-color: rgb(0, 0, 0); color: rgb(0, 0, 0);\">Les CGV encadrent les conditions commerciales entre AIRDVY et les prestataires visant \u00e0 :<\/p>\n<ul data-start=\"4413\" data-end=\"4544\" style=\"font-style: normal; caret-color: rgb(0, 0, 0); color: rgb(0, 0, 0);\">\n<li data-start=\"4413\" data-end=\"4457\">\n<p data-start=\"4415\" data-end=\"4457\">diffuser leur profil sur l\u2019application ;<\/p>\n<\/li>\n<li data-start=\"4458\" data-end=\"4488\">\n<p data-start=\"4460\" data-end=\"4488\">permettre la r\u00e9servation ;<\/p>\n<\/li>\n<li data-start=\"4489\" data-end=\"4544\">\n<p data-start=\"4491\" data-end=\"4544\">g\u00e9rer la visibilit\u00e9, les avis, et les disponibilit\u00e9s.<\/p>\n<\/li>\n<\/ul>\n<hr data-start=\"4546\" data-end=\"4549\" style=\"font-style: normal;\">\n<h2 data-start=\"4551\" data-end=\"4584\" style=\"font-style: normal; caret-color: rgb(0, 0, 0); color: rgb(0, 0, 0);\"><strong data-start=\"4554\" data-end=\"4584\">2. Statut des prestataires<\/strong><\/h2>\n<p data-start=\"4585\" data-end=\"4713\" style=\"font-style: normal; caret-color: rgb(0, 0, 0); color: rgb(0, 0, 0);\">Les prestataires r\u00e9f\u00e9renc\u00e9s sur AIRDVY sont&nbsp;<strong data-start=\"4629\" data-end=\"4645\">ind\u00e9pendants<\/strong>&nbsp;et assument pleinement la responsabilit\u00e9 des prestations r\u00e9alis\u00e9es.<\/p>\n<p data-start=\"4715\" data-end=\"4808\" style=\"font-style: normal; caret-color: rgb(0, 0, 0); color: rgb(0, 0, 0);\">AIRDVY n&#8217;est pas employeur des prestataires et ne contr\u00f4le pas l&#8217;ex\u00e9cution de leurs services.<\/p>\n<hr data-start=\"4810\" data-end=\"4813\" style=\"font-style: normal;\">\n<h2 data-start=\"4815\" data-end=\"4831\" style=\"font-style: normal; caret-color: rgb(0, 0, 0); color: rgb(0, 0, 0);\"><strong data-start=\"4818\" data-end=\"4831\">3. Tarifs<\/strong><\/h2>\n<p data-start=\"4832\" data-end=\"4905\" style=\"font-style: normal; caret-color: rgb(0, 0, 0); color: rgb(0, 0, 0);\">Les prix des prestations sont d\u00e9finis&nbsp;<strong data-start=\"4870\" data-end=\"4904\">librement par les prestataires<\/strong>.<\/p>\n<p data-start=\"4907\" data-end=\"5074\" style=\"font-style: normal; caret-color: rgb(0, 0, 0); color: rgb(0, 0, 0);\">AIRDVY peut proposer des options payantes (mise en avant, visibilit\u00e9, outils premium).<br data-start=\"4993\" data-end=\"4996\">Ces options feront l\u2019objet d\u2019un contrat s\u00e9par\u00e9 ou d\u2019un consentement explicite.<\/p>\n<hr data-start=\"5076\" data-end=\"5079\" style=\"font-style: normal;\">\n<h2 data-start=\"5081\" data-end=\"5100\" style=\"font-style: normal; caret-color: rgb(0, 0, 0); color: rgb(0, 0, 0);\"><strong data-start=\"5084\" data-end=\"5100\">4. Paiements<\/strong><\/h2>\n<p data-start=\"5101\" data-end=\"5263\" style=\"font-style: normal; caret-color: rgb(0, 0, 0); color: rgb(0, 0, 0);\">Les paiements sont trait\u00e9s via&nbsp;<strong data-start=\"5132\" data-end=\"5142\">Stripe<\/strong>, prestataire s\u00e9curis\u00e9.<br data-start=\"5165\" data-end=\"5168\">Le prestataire re\u00e7oit le paiement selon les modalit\u00e9s Stripe (d\u00e9lais, v\u00e9rification d&#8217;identit\u00e9).<\/p>\n<p data-start=\"5265\" data-end=\"5358\" style=\"font-style: normal; caret-color: rgb(0, 0, 0); color: rgb(0, 0, 0);\">Les commissions AIRDVY, s\u2019il y en a, seront indiqu\u00e9es clairement avant activation du service.<\/p>\n<hr data-start=\"5360\" data-end=\"5363\" style=\"font-style: normal;\">\n<h2 data-start=\"5365\" data-end=\"5401\" style=\"font-style: normal; caret-color: rgb(0, 0, 0); color: rgb(0, 0, 0);\"><strong data-start=\"5368\" data-end=\"5401\">5. Engagements du prestataire<\/strong><\/h2>\n<p data-start=\"5402\" data-end=\"5429\" style=\"font-style: normal; caret-color: rgb(0, 0, 0); color: rgb(0, 0, 0);\">Le prestataire s\u2019engage \u00e0 :<\/p>\n<ul data-start=\"5431\" data-end=\"5676\" style=\"font-style: normal; caret-color: rgb(0, 0, 0); color: rgb(0, 0, 0);\">\n<li data-start=\"5431\" data-end=\"5469\">\n<p data-start=\"5433\" data-end=\"5469\">fournir des informations exactes ;<\/p>\n<\/li>\n<li data-start=\"5470\" data-end=\"5515\">\n<p data-start=\"5472\" data-end=\"5515\">honorer les rendez-vous pris via AIRDVY ;<\/p>\n<\/li>\n<li data-start=\"5516\" data-end=\"5567\">\n<p data-start=\"5518\" data-end=\"5567\">respecter les r\u00e8gles d\u2019hygi\u00e8ne et de s\u00e9curit\u00e9 ;<\/p>\n<\/li>\n<li data-start=\"5568\" data-end=\"5619\">\n<p data-start=\"5570\" data-end=\"5619\">publier des photos dont il d\u00e9tient les droits ;<\/p>\n<\/li>\n<li data-start=\"5620\" data-end=\"5676\">\n<p data-start=\"5622\" data-end=\"5676\">informer l&#8217;utilisateur en cas de retard ou annulation.<\/p>\n<\/li>\n<\/ul>\n<hr data-start=\"5678\" data-end=\"5681\" style=\"font-style: normal;\">\n<h2 data-start=\"5683\" data-end=\"5700\" style=\"font-style: normal; caret-color: rgb(0, 0, 0); color: rgb(0, 0, 0);\"><strong data-start=\"5686\" data-end=\"5700\">6. Litiges<\/strong><\/h2>\n<p data-start=\"5701\" data-end=\"5832\" style=\"font-style: normal; caret-color: rgb(0, 0, 0); color: rgb(0, 0, 0);\">En cas de litige entre l&#8217;utilisateur et le prestataire, AIRDVY peut intervenir en m\u00e9diation mais ne saurait \u00eatre tenue responsable.<\/p>\n<hr data-start=\"5834\" data-end=\"5837\" style=\"font-style: normal;\">\n<h2 data-start=\"5839\" data-end=\"5860\" style=\"font-style: normal; caret-color: rgb(0, 0, 0); color: rgb(0, 0, 0);\"><strong data-start=\"5842\" data-end=\"5860\">7. R\u00e9siliation<\/strong><\/h2>\n<p data-start=\"5861\" data-end=\"5929\" style=\"font-style: normal; caret-color: rgb(0, 0, 0); color: rgb(0, 0, 0);\">AIRDVY peut suspendre ou supprimer un compte prestataire en cas de :<\/p>\n<ul data-start=\"5931\" data-end=\"6021\" style=\"font-style: normal; caret-color: rgb(0, 0, 0); color: rgb(0, 0, 0);\">\n<li data-start=\"5931\" data-end=\"5941\">\n<p data-start=\"5933\" data-end=\"5941\">fraude<\/p>\n<\/li>\n<li data-start=\"5942\" data-end=\"5971\">\n<p data-start=\"5944\" data-end=\"5971\">avis massivement n\u00e9gatifs<\/p>\n<\/li>\n<li data-start=\"5972\" data-end=\"5999\">\n<p data-start=\"5974\" data-end=\"5999\">non-respect des CGU\/CGV<\/p>\n<\/li>\n<li data-start=\"6000\" data-end=\"6021\">\n<p data-start=\"6002\" data-end=\"6021\">violation de la loi<\/p>\n<\/li>\n<\/ul>\n<p data-start=\"6023\" data-end=\"6098\" style=\"font-style: normal; caret-color: rgb(0, 0, 0); color: rgb(0, 0, 0);\">Le prestataire peut fermer son compte \u00e0 tout moment via&nbsp;<a data-start=\"6079\" data-end=\"6097\" class=\"decorated-link cursor-pointer\" rel=\"noopener\">support@airdvy.com<span aria-hidden=\"true\" class=\"ms-0.5 inline-block align-middle leading-none\"><svg width=\"20\" height=\"20\" viewBox=\"0 0 20 20\" fill=\"currentColor\" xmlns=\"http:\/\/www.w3.org\/2000\/svg\" data-rtl-flip=\"\" class=\"block h-[0.75em] w-[0.75em] stroke-current stroke-[0.75]\"><path d=\"M14.3349 13.3301V6.60645L5.47065 15.4707C5.21095 15.7304 4.78895 15.7304 4.52925 15.4707C4.26955 15.211 4.26955 14.789 4.52925 14.5293L13.3935 5.66504H6.66011C6.29284 5.66504 5.99507 5.36727 5.99507 5C5.99507 4.63273 6.29284 4.33496 6.66011 4.33496H14.9999L15.1337 4.34863C15.4369 4.41057 15.665 4.67857 15.665 5V13.3301C15.6649 13.6973 15.3672 13.9951 14.9999 13.9951C14.6327 13.9951 14.335 13.6973 14.3349 13.3301Z\"><\/path><\/svg><\/span><\/a>.<\/p>\t\t\t\t\t\t\t\t<\/div>\n\t\t\t\t\t<\/div>\n\t\t\t\t<\/div>\n\t\t\t\t<\/div>\n\t\t","protected":false},"excerpt":{"rendered":"<p>CGV \u2013 CONDITIONS G\u00c9N\u00c9RALES DE VENTE Derni\u00e8re mise \u00e0 jour : 01\/12\/2025 Les pr\u00e9sentes CGV s\u2019appliquent aux prestations propos\u00e9es par [&hellip;]<\/p>\n","protected":false},"author":1,"featured_media":0,"parent":0,"menu_order":0,"comment_status":"closed","ping_status":"closed","template":"","meta":{"site-sidebar-layout":"no-sidebar","site-content-layout":"","ast-site-content-layout":"full-width-container","site-content-style":"default","site-sidebar-style":"default","ast-global-header-display":"","ast-banner-title-visibility":"","ast-main-header-display":"","ast-hfb-above-header-display":"","ast-hfb-below-header-display":"","ast-hfb-mobile-header-display":"","site-post-title":"disabled","ast-breadcrumbs-content":"","ast-featured-img":"disabled","footer-sml-layout":"","theme-transparent-header-meta":"","adv-header-id-meta":"","stick-header-meta":"","header-above-stick-meta":"","header-main-stick-meta":"","header-below-stick-meta":"","astra-migrate-meta-layouts":"default","ast-page-background-enabled":"default","ast-page-background-meta":{"desktop":{"background-color":"var(--ast-global-color-5)","background-image":"","background-repeat":"repeat","background-position":"center center","background-size":"auto","background-attachment":"scroll","background-type":"","background-media":"","overlay-type":"","overlay-color":"","overlay-opacity":"","overlay-gradient":""},"tablet":{"background-color":"","background-image":"","background-repeat":"repeat","background-position":"center center","background-size":"auto","background-attachment":"scroll","background-type":"","background-media":"","overlay-type":"","overlay-color":"","overlay-opacity":"","overlay-gradient":""},"mobile":{"background-color":"","background-image":"","background-repeat":"repeat","background-position":"center center","background-size":"auto","background-attachment":"scroll","background-type":"","background-media":"","overlay-type":"","overlay-color":"","overlay-opacity":"","overlay-gradient":""}},"ast-content-background-meta":{"desktop":{"background-color":"var(--ast-global-color-4)","background-image":"","background-repeat":"repeat","background-position":"center center","background-size":"auto","background-attachment":"scroll","background-type":"","background-media":"","overlay-type":"","overlay-color":"","overlay-opacity":"","overlay-gradient":""},"tablet":{"background-color":"var(--ast-global-color-4)","background-image":"","background-repeat":"repeat","background-position":"center center","background-size":"auto","background-attachment":"scroll","background-type":"","background-media":"","overlay-type":"","overlay-color":"","overlay-opacity":"","overlay-gradient":""},"mobile":{"background-color":"var(--ast-global-color-4)","background-image":"","background-repeat":"repeat","background-position":"center center","background-size":"auto","background-attachment":"scroll","background-type":"","background-media":"","overlay-type":"","overlay-color":"","overlay-opacity":"","overlay-gradient":""}},"footnotes":""},"class_list":["post-20","page","type-page","status-publish","hentry"],"_links":{"self":[{"href":"https:\/\/www.airdvy.com\/index.php\/wp-json\/wp\/v2\/pages\/20","targetHints":{"allow":["GET"]}}],"collection":[{"href":"https:\/\/www.airdvy.com\/index.php\/wp-json\/wp\/v2\/pages"}],"about":[{"href":"https:\/\/www.airdvy.com\/index.php\/wp-json\/wp\/v2\/types\/page"}],"author":[{"embeddable":true,"href":"https:\/\/www.airdvy.com\/index.php\/wp-json\/wp\/v2\/users\/1"}],"replies":[{"embeddable":true,"href":"https:\/\/www.airdvy.com\/index.php\/wp-json\/wp\/v2\/comments?post=20"}],"version-history":[{"count":7,"href":"https:\/\/www.airdvy.com\/index.php\/wp-json\/wp\/v2\/pages\/20\/revisions"}],"predecessor-version":[{"id":129,"href":"https:\/\/www.airdvy.com\/index.php\/wp-json\/wp\/v2\/pages\/20\/revisions\/129"}],"wp:attachment":[{"href":"https:\/\/www.airdvy.com\/index.php\/wp-json\/wp\/v2\/media?parent=20"}],"curies":[{"name":"wp","href":"https:\/\/api.w.org\/{rel}","templated":true}]}}