{"id":24,"date":"2025-12-01T18:52:08","date_gmt":"2025-12-01T18:52:08","guid":{"rendered":"https:\/\/www.airdvy.com\/?page_id=24"},"modified":"2025-12-01T22:42:07","modified_gmt":"2025-12-01T22:42:07","slug":"politique-de-cookies","status":"publish","type":"page","link":"https:\/\/www.airdvy.com\/index.php\/politique-de-cookies\/","title":{"rendered":"Politique de cookies"},"content":{"rendered":"\t\t<div data-elementor-type=\"wp-page\" data-elementor-id=\"24\" class=\"elementor elementor-24\">\n\t\t\t\t<div class=\"elementor-element elementor-element-e345e96 e-flex e-con-boxed e-con e-parent\" data-id=\"e345e96\" data-element_type=\"container\" data-e-type=\"container\">\n\t\t\t\t\t<div class=\"e-con-inner\">\n\t\t\t\t<div class=\"elementor-element elementor-element-5459377 elementor-widget elementor-widget-text-editor\" data-id=\"5459377\" data-element_type=\"widget\" data-e-type=\"widget\" data-widget_type=\"text-editor.default\">\n\t\t\t\t\t\t\t\t\t<h1 style=\"font-style: normal; caret-color: #000000; color: #000000;\" data-start=\"6105\" data-end=\"6149\"><strong data-start=\"6110\" data-end=\"6147\">POLITIQUE DE COOKIES\u00a0<\/strong><\/h1><p style=\"font-style: normal; caret-color: #000000; color: #000000;\" data-start=\"6150\" data-end=\"6183\">Derni\u00e8re mise \u00e0 jour : 01\/12\/2025<\/p><p style=\"font-style: normal; caret-color: #000000; color: #000000;\" data-start=\"6185\" data-end=\"6280\">AIRDVY utilise des cookies sur son site\u00a0<a class=\"decorated-link\" href=\"http:\/\/www.airdvy.com\/\" target=\"_new\" rel=\"noopener\" data-start=\"6225\" data-end=\"6239\">www.airdvy.com<\/a>\u00a0pour am\u00e9liorer l\u2019exp\u00e9rience utilisateur.<\/p><hr style=\"font-style: normal;\" data-start=\"6282\" data-end=\"6285\" \/><h2 style=\"font-style: normal; caret-color: #000000; color: #000000;\" data-start=\"6287\" data-end=\"6321\"><strong data-start=\"6290\" data-end=\"6321\">1. Qu\u2019est-ce qu\u2019un cookie ?<\/strong><\/h2><p style=\"font-style: normal; caret-color: #000000; color: #000000;\" data-start=\"6322\" data-end=\"6405\">Un cookie est un petit fichier stock\u00e9 sur votre appareil lors de la visite du site.<\/p><hr style=\"font-style: normal;\" data-start=\"6407\" data-end=\"6410\" \/><h2 style=\"font-style: normal; caret-color: #000000; color: #000000;\" data-start=\"6412\" data-end=\"6447\"><strong data-start=\"6415\" data-end=\"6447\">2. Types de cookies utilis\u00e9s<\/strong><\/h2><h3 style=\"font-style: normal; caret-color: #000000; color: #000000;\" data-start=\"6449\" data-end=\"6490\"><strong data-start=\"6453\" data-end=\"6490\">Cookies techniques (obligatoires)<\/strong><\/h3><p style=\"font-style: normal; caret-color: #000000; color: #000000;\" data-start=\"6491\" data-end=\"6535\">Indispensables au fonctionnement du site :<\/p><ul style=\"font-style: normal; caret-color: #000000; color: #000000;\" data-start=\"6536\" data-end=\"6575\"><li data-start=\"6536\" data-end=\"6549\"><p data-start=\"6538\" data-end=\"6549\">Connexion<\/p><\/li><li data-start=\"6550\" data-end=\"6564\"><p data-start=\"6552\" data-end=\"6564\">Navigation<\/p><\/li><li data-start=\"6565\" data-end=\"6575\"><p data-start=\"6567\" data-end=\"6575\">S\u00e9curit\u00e9<\/p><\/li><\/ul><h3 style=\"font-style: normal; caret-color: #000000; color: #000000;\" data-start=\"6577\" data-end=\"6637\"><strong data-start=\"6581\" data-end=\"6637\">Cookies analytiques (Google Analytics ou \u00e9quivalent)<\/strong><\/h3><p style=\"font-style: normal; caret-color: #000000; color: #000000;\" data-start=\"6638\" data-end=\"6753\">Mesurent le trafic, les pages visit\u00e9es, les performances du site.<br data-start=\"6703\" data-end=\"6706\" \/>\u2192 Install\u00e9s uniquement avec votre consentement.<\/p><h3 style=\"font-style: normal; caret-color: #000000; color: #000000;\" data-start=\"6755\" data-end=\"6780\"><strong data-start=\"6759\" data-end=\"6780\">Cookies marketing<\/strong><\/h3><p style=\"font-style: normal; caret-color: #000000; color: #000000;\" data-start=\"6781\" data-end=\"6871\">Permettent de personnaliser les publicit\u00e9s.<br data-start=\"6824\" data-end=\"6827\" \/>\u2192 Install\u00e9s uniquement si vous les acceptez.<\/p><hr style=\"font-style: normal;\" data-start=\"6873\" data-end=\"6876\" \/><h2 style=\"font-style: normal; caret-color: #000000; color: #000000;\" data-start=\"6878\" data-end=\"6900\"><strong data-start=\"6881\" data-end=\"6900\">3. Consentement<\/strong><\/h2><p style=\"font-style: normal; caret-color: #000000; color: #000000;\" data-start=\"6901\" data-end=\"7000\">\u00c0 votre arriv\u00e9e sur le site, une banni\u00e8re vous informe de l\u2019utilisation de cookies.<br data-start=\"6984\" data-end=\"6987\" \/>Vous pouvez :<\/p><ul style=\"font-style: normal; caret-color: #000000; color: #000000;\" data-start=\"7002\" data-end=\"7054\"><li data-start=\"7002\" data-end=\"7019\"><p data-start=\"7004\" data-end=\"7019\">tout accepter<\/p><\/li><li data-start=\"7020\" data-end=\"7036\"><p data-start=\"7022\" data-end=\"7036\">tout refuser<\/p><\/li><li data-start=\"7037\" data-end=\"7054\"><p data-start=\"7039\" data-end=\"7054\">personnaliser<\/p><\/li><\/ul><p style=\"font-style: normal; caret-color: #000000; color: #000000;\" data-start=\"7056\" data-end=\"7097\">Votre choix est modifiable \u00e0 tout moment.<\/p><hr style=\"font-style: normal;\" data-start=\"7099\" data-end=\"7102\" \/><h2 style=\"font-style: normal; caret-color: #000000; color: #000000;\" data-start=\"7104\" data-end=\"7135\"><strong data-start=\"7107\" data-end=\"7135\">4. Dur\u00e9e de conservation<\/strong><\/h2><p style=\"font-style: normal; caret-color: #000000; color: #000000;\" data-start=\"7136\" data-end=\"7186\">Les cookies sont conserv\u00e9s au maximum\u00a0<strong data-start=\"7174\" data-end=\"7185\">13 mois<\/strong>.<\/p><hr style=\"font-style: normal;\" data-start=\"7188\" data-end=\"7191\" \/><h2 style=\"font-style: normal; caret-color: #000000; color: #000000;\" data-start=\"7193\" data-end=\"7222\"><strong data-start=\"7196\" data-end=\"7222\">5. Gestion des cookies<\/strong><\/h2><p style=\"font-style: normal; caret-color: #000000; color: #000000;\" data-start=\"7223\" data-end=\"7268\">Vous pouvez configurer vos pr\u00e9f\u00e9rences dans :<\/p><ul style=\"font-style: normal; caret-color: #000000; color: #000000;\" data-start=\"7270\" data-end=\"7374\"><li data-start=\"7270\" data-end=\"7301\"><p data-start=\"7272\" data-end=\"7301\">la banni\u00e8re de consentement<\/p><\/li><li data-start=\"7302\" data-end=\"7340\"><p data-start=\"7304\" data-end=\"7340\">les param\u00e8tres de votre navigateur<\/p><\/li><li data-start=\"7341\" data-end=\"7374\"><p data-start=\"7343\" data-end=\"7374\">les param\u00e8tres syst\u00e8me (mobile)<\/p><\/li><\/ul><hr style=\"font-style: normal;\" data-start=\"7376\" data-end=\"7379\" \/><h2 style=\"font-style: normal; caret-color: #000000; color: #000000;\" data-start=\"7381\" data-end=\"7398\"><strong data-start=\"7384\" data-end=\"7398\">6. Contact<\/strong><\/h2><p style=\"font-style: normal; caret-color: #000000; color: #000000;\" data-start=\"7399\" data-end=\"7446\">Pour toute question :<br data-start=\"7420\" data-end=\"7423\" \/>\ud83d\udce7\u00a0<a class=\"decorated-link cursor-pointer\" rel=\"noopener\" data-start=\"7426\" data-end=\"7444\">contact@airdvy.com<\/a><\/p>\t\t\t\t\t\t\t\t<\/div>\n\t\t\t\t\t<\/div>\n\t\t\t\t<\/div>\n\t\t\t\t<\/div>\n\t\t","protected":false},"excerpt":{"rendered":"<p>POLITIQUE DE COOKIES\u00a0 Derni\u00e8re mise \u00e0 jour : 01\/12\/2025 AIRDVY utilise des cookies sur son site\u00a0www.airdvy.com\u00a0pour am\u00e9liorer l\u2019exp\u00e9rience utilisateur. 1. [&hellip;]<\/p>\n","protected":false},"author":1,"featured_media":0,"parent":0,"menu_order":0,"comment_status":"closed","ping_status":"closed","template":"","meta":{"site-sidebar-layout":"no-sidebar","site-content-layout":"","ast-site-content-layout":"full-width-container","site-content-style":"default","site-sidebar-style":"default","ast-global-header-display":"","ast-banner-title-visibility":"","ast-main-header-display":"","ast-hfb-above-header-display":"","ast-hfb-below-header-display":"","ast-hfb-mobile-header-display":"","site-post-title":"disabled","ast-breadcrumbs-content":"","ast-featured-img":"disabled","footer-sml-layout":"","theme-transparent-header-meta":"","adv-header-id-meta":"","stick-header-meta":"","header-above-stick-meta":"","header-main-stick-meta":"","header-below-stick-meta":"","astra-migrate-meta-layouts":"default","ast-page-background-enabled":"default","ast-page-background-meta":{"desktop":{"background-color":"var(--ast-global-color-5)","background-image":"","background-repeat":"repeat","background-position":"center center","background-size":"auto","background-attachment":"scroll","background-type":"","background-media":"","overlay-type":"","overlay-color":"","overlay-opacity":"","overlay-gradient":""},"tablet":{"background-color":"","background-image":"","background-repeat":"repeat","background-position":"center center","background-size":"auto","background-attachment":"scroll","background-type":"","background-media":"","overlay-type":"","overlay-color":"","overlay-opacity":"","overlay-gradient":""},"mobile":{"background-color":"","background-image":"","background-repeat":"repeat","background-position":"center center","background-size":"auto","background-attachment":"scroll","background-type":"","background-media":"","overlay-type":"","overlay-color":"","overlay-opacity":"","overlay-gradient":""}},"ast-content-background-meta":{"desktop":{"background-color":"var(--ast-global-color-4)","background-image":"","background-repeat":"repeat","background-position":"center center","background-size":"auto","background-attachment":"scroll","background-type":"","background-media":"","overlay-type":"","overlay-color":"","overlay-opacity":"","overlay-gradient":""},"tablet":{"background-color":"var(--ast-global-color-4)","background-image":"","background-repeat":"repeat","background-position":"center center","background-size":"auto","background-attachment":"scroll","background-type":"","background-media":"","overlay-type":"","overlay-color":"","overlay-opacity":"","overlay-gradient":""},"mobile":{"background-color":"var(--ast-global-color-4)","background-image":"","background-repeat":"repeat","background-position":"center center","background-size":"auto","background-attachment":"scroll","background-type":"","background-media":"","overlay-type":"","overlay-color":"","overlay-opacity":"","overlay-gradient":""}},"footnotes":""},"class_list":["post-24","page","type-page","status-publish","hentry"],"_links":{"self":[{"href":"https:\/\/www.airdvy.com\/index.php\/wp-json\/wp\/v2\/pages\/24","targetHints":{"allow":["GET"]}}],"collection":[{"href":"https:\/\/www.airdvy.com\/index.php\/wp-json\/wp\/v2\/pages"}],"about":[{"href":"https:\/\/www.airdvy.com\/index.php\/wp-json\/wp\/v2\/types\/page"}],"author":[{"embeddable":true,"href":"https:\/\/www.airdvy.com\/index.php\/wp-json\/wp\/v2\/users\/1"}],"replies":[{"embeddable":true,"href":"https:\/\/www.airdvy.com\/index.php\/wp-json\/wp\/v2\/comments?post=24"}],"version-history":[{"count":7,"href":"https:\/\/www.airdvy.com\/index.php\/wp-json\/wp\/v2\/pages\/24\/revisions"}],"predecessor-version":[{"id":126,"href":"https:\/\/www.airdvy.com\/index.php\/wp-json\/wp\/v2\/pages\/24\/revisions\/126"}],"wp:attachment":[{"href":"https:\/\/www.airdvy.com\/index.php\/wp-json\/wp\/v2\/media?parent=24"}],"curies":[{"name":"wp","href":"https:\/\/api.w.org\/{rel}","templated":true}]}}